{"id":34,"date":"2023-05-26T08:12:05","date_gmt":"2023-05-26T06:12:05","guid":{"rendered":"http:\/\/trottsancy.fr\/?page_id=34"},"modified":"2024-08-13T16:53:14","modified_gmt":"2024-08-13T14:53:14","slug":"acceuil","status":"publish","type":"page","link":"https:\/\/trottsancy.fr\/","title":{"rendered":""},"content":{"rendered":"\n<div class=\"wp-block-media-text alignwide is-stacked-on-mobile\"><figure class=\"wp-block-media-text__media\"><img fetchpriority=\"high\" decoding=\"async\" width=\"768\" height=\"1024\" src=\"https:\/\/trottsancy.fr\/wp-content\/uploads\/2023\/05\/IMG_3554-768x1024.jpg\" alt=\"\" class=\"wp-image-36 size-full\" srcset=\"https:\/\/trottsancy.fr\/wp-content\/uploads\/2023\/05\/IMG_3554-768x1024.jpg 768w, https:\/\/trottsancy.fr\/wp-content\/uploads\/2023\/05\/IMG_3554-225x300.jpg 225w, https:\/\/trottsancy.fr\/wp-content\/uploads\/2023\/05\/IMG_3554-1152x1536.jpg 1152w, https:\/\/trottsancy.fr\/wp-content\/uploads\/2023\/05\/IMG_3554-600x800.jpg 600w, https:\/\/trottsancy.fr\/wp-content\/uploads\/2023\/05\/IMG_3554.jpg 1170w\" sizes=\"(max-width: 768px) 100vw, 768px\" \/><\/figure><div class=\"wp-block-media-text__content\">\n<p>Bienvenue dans l&rsquo;aventure tout-terrain en trottinette \u00e9lectrique dans le magnifique secteur du Sancy et ses alentours ! <\/p>\n\n\n\n<p>Notre activit\u00e9 est accessible \u00e0 tout le monde \u00e0 partir de 14 ans et offre plusieurs parcours adapt\u00e9s pour les d\u00e9butants comme les plus exp\u00e9riment\u00e9s.<\/p>\n\n\n\n<p> Explorez les paysages \u00e9poustouflants de la r\u00e9gion en toute s\u00e9curit\u00e9 gr\u00e2ce \u00e0 nos guides dipl\u00f4m\u00e9s qui vous encadreront tout au long de votre aventure. <\/p>\n\n\n\n<p>Que vous soyez \u00e0 la recherche d&rsquo;une activit\u00e9 en solo, en famille ou entre amis, notre exp\u00e9rience en trottinette \u00e9lectrique tout terrain est une aventure inoubliable qui vous fera d\u00e9couvrir la r\u00e9gion sous un angle nouveau.<\/p>\n\n\n\n<p><\/p>\n<\/div><\/div>\n\n\n\n<div class=\"wp-block-media-text alignwide has-media-on-the-right is-stacked-on-mobile\"><div class=\"wp-block-media-text__content\">\n<p>L&rsquo;un des avantages de cette trottinette est que la batterie est int\u00e9gr\u00e9e dans le cadre, ce qui signifie que le poids est r\u00e9parti de mani\u00e8re \u00e9quilibr\u00e9e sur la trottinette et qu&rsquo;il n&rsquo;y aura pas de poids suppl\u00e9mentaire dans le sac \u00e0 dos.<\/p>\n\n\n\n<p> La trottinette est \u00e9galement \u00e9quip\u00e9e de suspensions \u00e0 l&rsquo;avant et \u00e0 l&rsquo;arri\u00e8re, offrant plus de confort et une meilleure stabilit\u00e9 lors de la conduite sur du tout terrain.<\/p>\n\n\n\n<p> Enfin, les roues tout-terrain permettent une adh\u00e9rence maximale sur toutes les surfaces, offrant un niveau de s\u00e9curit\u00e9 suppl\u00e9mentaire pour les utilisateurs. <\/p>\n<\/div><figure class=\"wp-block-media-text__media\"><img decoding=\"async\" width=\"1024\" height=\"684\" src=\"https:\/\/trottsancy.fr\/wp-content\/uploads\/2023\/05\/AEC_7907-1024x684.jpg\" alt=\"\" class=\"wp-image-24 size-full\" srcset=\"https:\/\/trottsancy.fr\/wp-content\/uploads\/2023\/05\/AEC_7907-1024x684.jpg 1024w, https:\/\/trottsancy.fr\/wp-content\/uploads\/2023\/05\/AEC_7907-scaled-600x401.jpg 600w, https:\/\/trottsancy.fr\/wp-content\/uploads\/2023\/05\/AEC_7907-300x200.jpg 300w, https:\/\/trottsancy.fr\/wp-content\/uploads\/2023\/05\/AEC_7907-768x513.jpg 768w, https:\/\/trottsancy.fr\/wp-content\/uploads\/2023\/05\/AEC_7907-1536x1025.jpg 1536w, https:\/\/trottsancy.fr\/wp-content\/uploads\/2023\/05\/AEC_7907-2048x1367.jpg 2048w, https:\/\/trottsancy.fr\/wp-content\/uploads\/2023\/05\/AEC_7907-421x281.jpg 421w\" sizes=\"(max-width: 1024px) 100vw, 1024px\" \/><\/figure><\/div>\n","protected":false},"excerpt":{"rendered":"<p>Bienvenue dans l&rsquo;aventure tout-terrain en trottinette \u00e9lectrique dans le magnifique secteur du Sancy et ses alentours ! Notre activit\u00e9 est accessible \u00e0 tout le monde \u00e0 partir de 14 ans et offre plusieurs parcours adapt\u00e9s pour les d\u00e9butants comme les plus exp\u00e9riment\u00e9s. Explorez les paysages \u00e9poustouflants de la r\u00e9gion en toute s\u00e9curit\u00e9 gr\u00e2ce \u00e0 nos &hellip; <\/p>\n<p class=\"link-more\"><a href=\"https:\/\/trottsancy.fr\/\" class=\"more-link\">Lire la suite de<span class=\"screen-reader-text\">\u00ab\u00a0\u00a0\u00bb<\/span><\/a><\/p>\n","protected":false},"author":1,"featured_media":0,"parent":0,"menu_order":0,"comment_status":"closed","ping_status":"closed","template":"","meta":{"footnotes":""},"class_list":["post-34","page","type-page","status-publish","hentry"],"yoast_head":"<!-- This site is optimized with the Yoast SEO plugin v25.4 - https:\/\/yoast.com\/wordpress\/plugins\/seo\/ -->\n<title>- TrottSancy<\/title>\n<meta name=\"robots\" content=\"index, follow, max-snippet:-1, max-image-preview:large, max-video-preview:-1\" \/>\n<link rel=\"canonical\" href=\"https:\/\/trottsancy.fr\/\" \/>\n<meta property=\"og:locale\" content=\"fr_FR\" \/>\n<meta property=\"og:type\" content=\"article\" \/>\n<meta property=\"og:title\" content=\"- TrottSancy\" \/>\n<meta property=\"og:description\" content=\"Bienvenue dans l&rsquo;aventure tout-terrain en trottinette \u00e9lectrique dans le magnifique secteur du Sancy et ses alentours ! Notre activit\u00e9 est accessible \u00e0 tout le monde \u00e0 partir de 14 ans et offre plusieurs parcours adapt\u00e9s pour les d\u00e9butants comme les plus exp\u00e9riment\u00e9s. Explorez les paysages \u00e9poustouflants de la r\u00e9gion en toute s\u00e9curit\u00e9 gr\u00e2ce \u00e0 nos &hellip; Lire la suite de\u00ab\u00a0\u00a0\u00bb\" \/>\n<meta property=\"og:url\" content=\"https:\/\/trottsancy.fr\/\" \/>\n<meta property=\"og:site_name\" content=\"TrottSancy\" \/>\n<meta property=\"article:modified_time\" content=\"2024-08-13T14:53:14+00:00\" \/>\n<meta property=\"og:image\" content=\"http:\/\/trottsancy.fr\/wp-content\/uploads\/2023\/05\/IMG_3554-768x1024.jpg\" \/>\n<meta name=\"twitter:card\" content=\"summary_large_image\" \/>\n<meta name=\"twitter:label1\" content=\"Dur\u00e9e de lecture estim\u00e9e\" \/>\n\t<meta name=\"twitter:data1\" content=\"2 minutes\" \/>\n<script type=\"application\/ld+json\" class=\"yoast-schema-graph\">{\"@context\":\"https:\/\/schema.org\",\"@graph\":[{\"@type\":\"WebPage\",\"@id\":\"https:\/\/trottsancy.fr\/\",\"url\":\"https:\/\/trottsancy.fr\/\",\"name\":\"- TrottSancy\",\"isPartOf\":{\"@id\":\"https:\/\/trottsancy.fr\/#website\"},\"primaryImageOfPage\":{\"@id\":\"https:\/\/trottsancy.fr\/#primaryimage\"},\"image\":{\"@id\":\"https:\/\/trottsancy.fr\/#primaryimage\"},\"thumbnailUrl\":\"http:\/\/trottsancy.fr\/wp-content\/uploads\/2023\/05\/IMG_3554-768x1024.jpg\",\"datePublished\":\"2023-05-26T06:12:05+00:00\",\"dateModified\":\"2024-08-13T14:53:14+00:00\",\"inLanguage\":\"fr-FR\",\"potentialAction\":[{\"@type\":\"ReadAction\",\"target\":[\"https:\/\/trottsancy.fr\/\"]}]},{\"@type\":\"ImageObject\",\"inLanguage\":\"fr-FR\",\"@id\":\"https:\/\/trottsancy.fr\/#primaryimage\",\"url\":\"http:\/\/trottsancy.fr\/wp-content\/uploads\/2023\/05\/IMG_3554-768x1024.jpg\",\"contentUrl\":\"http:\/\/trottsancy.fr\/wp-content\/uploads\/2023\/05\/IMG_3554-768x1024.jpg\"},{\"@type\":\"WebSite\",\"@id\":\"https:\/\/trottsancy.fr\/#website\",\"url\":\"https:\/\/trottsancy.fr\/\",\"name\":\"TrottSancy\",\"description\":\"Cr\u00e9ateur d&#039;\u00e9motion au grand Sancy\",\"potentialAction\":[{\"@type\":\"SearchAction\",\"target\":{\"@type\":\"EntryPoint\",\"urlTemplate\":\"https:\/\/trottsancy.fr\/?s={search_term_string}\"},\"query-input\":{\"@type\":\"PropertyValueSpecification\",\"valueRequired\":true,\"valueName\":\"search_term_string\"}}],\"inLanguage\":\"fr-FR\"}]}<\/script>\n<!-- \/ Yoast SEO plugin. -->","yoast_head_json":{"title":"- TrottSancy","robots":{"index":"index","follow":"follow","max-snippet":"max-snippet:-1","max-image-preview":"max-image-preview:large","max-video-preview":"max-video-preview:-1"},"canonical":"https:\/\/trottsancy.fr\/","og_locale":"fr_FR","og_type":"article","og_title":"- TrottSancy","og_description":"Bienvenue dans l&rsquo;aventure tout-terrain en trottinette \u00e9lectrique dans le magnifique secteur du Sancy et ses alentours ! Notre activit\u00e9 est accessible \u00e0 tout le monde \u00e0 partir de 14 ans et offre plusieurs parcours adapt\u00e9s pour les d\u00e9butants comme les plus exp\u00e9riment\u00e9s. Explorez les paysages \u00e9poustouflants de la r\u00e9gion en toute s\u00e9curit\u00e9 gr\u00e2ce \u00e0 nos &hellip; Lire la suite de\u00ab\u00a0\u00a0\u00bb","og_url":"https:\/\/trottsancy.fr\/","og_site_name":"TrottSancy","article_modified_time":"2024-08-13T14:53:14+00:00","og_image":[{"url":"http:\/\/trottsancy.fr\/wp-content\/uploads\/2023\/05\/IMG_3554-768x1024.jpg","type":"","width":"","height":""}],"twitter_card":"summary_large_image","twitter_misc":{"Dur\u00e9e de lecture estim\u00e9e":"2 minutes"},"schema":{"@context":"https:\/\/schema.org","@graph":[{"@type":"WebPage","@id":"https:\/\/trottsancy.fr\/","url":"https:\/\/trottsancy.fr\/","name":"- TrottSancy","isPartOf":{"@id":"https:\/\/trottsancy.fr\/#website"},"primaryImageOfPage":{"@id":"https:\/\/trottsancy.fr\/#primaryimage"},"image":{"@id":"https:\/\/trottsancy.fr\/#primaryimage"},"thumbnailUrl":"http:\/\/trottsancy.fr\/wp-content\/uploads\/2023\/05\/IMG_3554-768x1024.jpg","datePublished":"2023-05-26T06:12:05+00:00","dateModified":"2024-08-13T14:53:14+00:00","inLanguage":"fr-FR","potentialAction":[{"@type":"ReadAction","target":["https:\/\/trottsancy.fr\/"]}]},{"@type":"ImageObject","inLanguage":"fr-FR","@id":"https:\/\/trottsancy.fr\/#primaryimage","url":"http:\/\/trottsancy.fr\/wp-content\/uploads\/2023\/05\/IMG_3554-768x1024.jpg","contentUrl":"http:\/\/trottsancy.fr\/wp-content\/uploads\/2023\/05\/IMG_3554-768x1024.jpg"},{"@type":"WebSite","@id":"https:\/\/trottsancy.fr\/#website","url":"https:\/\/trottsancy.fr\/","name":"TrottSancy","description":"Cr\u00e9ateur d&#039;\u00e9motion au grand Sancy","potentialAction":[{"@type":"SearchAction","target":{"@type":"EntryPoint","urlTemplate":"https:\/\/trottsancy.fr\/?s={search_term_string}"},"query-input":{"@type":"PropertyValueSpecification","valueRequired":true,"valueName":"search_term_string"}}],"inLanguage":"fr-FR"}]}},"jetpack_sharing_enabled":true,"_links":{"self":[{"href":"https:\/\/trottsancy.fr\/index.php\/wp-json\/wp\/v2\/pages\/34","targetHints":{"allow":["GET"]}}],"collection":[{"href":"https:\/\/trottsancy.fr\/index.php\/wp-json\/wp\/v2\/pages"}],"about":[{"href":"https:\/\/trottsancy.fr\/index.php\/wp-json\/wp\/v2\/types\/page"}],"author":[{"embeddable":true,"href":"https:\/\/trottsancy.fr\/index.php\/wp-json\/wp\/v2\/users\/1"}],"replies":[{"embeddable":true,"href":"https:\/\/trottsancy.fr\/index.php\/wp-json\/wp\/v2\/comments?post=34"}],"version-history":[{"count":5,"href":"https:\/\/trottsancy.fr\/index.php\/wp-json\/wp\/v2\/pages\/34\/revisions"}],"predecessor-version":[{"id":1380,"href":"https:\/\/trottsancy.fr\/index.php\/wp-json\/wp\/v2\/pages\/34\/revisions\/1380"}],"wp:attachment":[{"href":"https:\/\/trottsancy.fr\/index.php\/wp-json\/wp\/v2\/media?parent=34"}],"curies":[{"name":"wp","href":"https:\/\/api.w.org\/{rel}","templated":true}]}}