{"id":51,"date":"2023-05-26T09:06:42","date_gmt":"2023-05-26T07:06:42","guid":{"rendered":"http:\/\/trottsancy.fr\/?page_id=51"},"modified":"2024-08-13T17:18:17","modified_gmt":"2024-08-13T15:18:17","slug":"randonnee-tout-terrain","status":"publish","type":"page","link":"https:\/\/trottsancy.fr\/index.php\/randonnee-tout-terrain\/","title":{"rendered":"Randonn\u00e9e Tout Terrain"},"content":{"rendered":"\n<div class=\"wp-block-media-text alignwide is-stacked-on-mobile\"><figure class=\"wp-block-media-text__media\"><img fetchpriority=\"high\" decoding=\"async\" width=\"1024\" height=\"576\" src=\"https:\/\/trottsancy.fr\/wp-content\/uploads\/2023\/05\/11229645-1024x576.png\" alt=\"\" class=\"wp-image-52 size-full\" srcset=\"https:\/\/trottsancy.fr\/wp-content\/uploads\/2023\/05\/11229645-1024x576.png 1024w, https:\/\/trottsancy.fr\/wp-content\/uploads\/2023\/05\/11229645-300x169.png 300w, https:\/\/trottsancy.fr\/wp-content\/uploads\/2023\/05\/11229645-768x432.png 768w, https:\/\/trottsancy.fr\/wp-content\/uploads\/2023\/05\/11229645-1536x864.png 1536w, https:\/\/trottsancy.fr\/wp-content\/uploads\/2023\/05\/11229645-600x338.png 600w, https:\/\/trottsancy.fr\/wp-content\/uploads\/2023\/05\/11229645.png 1920w\" sizes=\"(max-width: 1024px) 100vw, 1024px\" \/><\/figure><div class=\"wp-block-media-text__content\">\n<h2 class=\"wp-block-heading\">Coucher de soleil (technique) <\/h2>\n\n\n\n<p>L\u2019activit\u00e9 de trottinette \u00e9lectrique tout-terrain propos\u00e9e, dure 1h30 et d\u00e9marre 45 minutes avant le coucher du soleil \u00e0 la station de Super Besse (13 Rdpt des Pistes, 63610 Besse-et-Saint-Anastaise).<\/p>\n\n\n\n<p>Cette exp\u00e9rience s\u00e9curis\u00e9e permet aux participants de monter jusqu\u2019\u00e0 1823m d\u2019altitude pour atteindre le sommet du Puy de la Perdrix.<\/p>\n\n\n\n<p>De l\u00e0-haut, les vues panoramiques sur les montagnes environnantes sont \u00e0 couper le souffle ainsi que le coucher de soleil.<\/p>\n\n\n\n<p class=\"has-black-color has-text-color\"><strong>Tarif: 40\u20ac\/personne<\/strong><\/p>\n\n\n\n<p class=\"has-small-font-size\">*a partir de 140cm et 14 ans<\/p>\n\n\n\n<p class=\"has-black-color has-text-color\"><strong>Coucher de soleil d\u00e9part aux alentours de 20h30 vous serez contact\u00e9 par le guide pour vous donner l\u2019heure exacte de d\u00e9part . Rendez vous au  41 Av. du Sancy, 63610 Besse-et-Saint-Anastaise<\/strong><\/p>\n\n\n\n<p class=\"has-vivid-red-color has-text-color has-medium-font-size\">Encadr\u00e9 par des guides dipl\u00f4m\u00e9s <\/p>\n<\/div><\/div>\n\n\n\n<div class=\"wp-block-media-text alignwide has-media-on-the-right is-stacked-on-mobile\"><div class=\"wp-block-media-text__content\">\n<h2 class=\"wp-block-heading\">Lac Pavin 3H<\/h2>\n\n\n\n<p>L\u2019activit\u00e9 de trottinette \u00e9lectrique tout-terrain propos\u00e9e est une aventure de 3 heures qui commence \u00e0 la station de Super Besse(41 Av. du Sancy, 63610 Besse-et-Saint-Anastaise)<\/p>\n\n\n\n<p> et se dirige vers le magnifique lac Pavin d\u2019origine volcanique.<\/p>\n\n\n\n<p>Au cours de l\u2019exp\u00e9rience, nous passeront \u00e0 c\u00f4t\u00e9 de sites naturels remarquables tels que le Puy de Montchal et bien d\u2019autres merveilles environnantes.<\/p>\n\n\n\n<p>La trottinette \u00e9lectrique tout-terrain permet de se d\u00e9placer facilement sur ces chemins, tout en offrant une exp\u00e9rience immersive au c\u0153ur de la nature.<\/p>\n\n\n\n<p>Une exp\u00e9rience inoubliable pour les amoureux de la nature et les amateurs de sensations fortes !<\/p>\n\n\n\n<p class=\"has-black-color has-text-color\"><strong>Tarif: 55\u20ac\/personne<\/strong><\/p>\n\n\n\n<p class=\"has-small-font-size\">*a partir de 140cm et 14 ans<\/p>\n\n\n\n<p class=\"has-black-color has-text-color\"><strong> arriv\u00e9e \u00e0 8h50 maximum au 41 Av. du Sancy, 63610 Besse-et-Saint-Anastaise<\/strong><\/p>\n\n\n\n<p class=\"has-black-color has-text-color\"><strong>D\u00e9part \u00e0 14h sur demande exclusivement .<\/strong><\/p>\n\n\n\n<p class=\"has-vivid-red-color has-text-color has-medium-font-size\">Encadr\u00e9 par des guides dipl\u00f4m\u00e9s<\/p>\n<\/div><figure class=\"wp-block-media-text__media\"><img decoding=\"async\" width=\"1024\" height=\"683\" src=\"https:\/\/trottsancy.fr\/wp-content\/uploads\/2023\/05\/11344306-1024x683.jpg\" alt=\"\" class=\"wp-image-53 size-full\" srcset=\"https:\/\/trottsancy.fr\/wp-content\/uploads\/2023\/05\/11344306-1024x683.jpg 1024w, https:\/\/trottsancy.fr\/wp-content\/uploads\/2023\/05\/11344306-300x200.jpg 300w, https:\/\/trottsancy.fr\/wp-content\/uploads\/2023\/05\/11344306-768x512.jpg 768w, https:\/\/trottsancy.fr\/wp-content\/uploads\/2023\/05\/11344306-600x400.jpg 600w, https:\/\/trottsancy.fr\/wp-content\/uploads\/2023\/05\/11344306.jpg 1350w\" sizes=\"(max-width: 1024px) 100vw, 1024px\" \/><\/figure><\/div>\n\n\n\n<div class=\"wp-block-media-text alignwide is-stacked-on-mobile\"><figure class=\"wp-block-media-text__media\"><img decoding=\"async\" width=\"1024\" height=\"682\" src=\"https:\/\/trottsancy.fr\/wp-content\/uploads\/2023\/05\/forest-4357698-1024x682.jpg\" alt=\"\" class=\"wp-image-54 size-full\" srcset=\"https:\/\/trottsancy.fr\/wp-content\/uploads\/2023\/05\/forest-4357698-1024x682.jpg 1024w, https:\/\/trottsancy.fr\/wp-content\/uploads\/2023\/05\/forest-4357698-300x200.jpg 300w, https:\/\/trottsancy.fr\/wp-content\/uploads\/2023\/05\/forest-4357698-768x512.jpg 768w, https:\/\/trottsancy.fr\/wp-content\/uploads\/2023\/05\/forest-4357698-600x400.jpg 600w, https:\/\/trottsancy.fr\/wp-content\/uploads\/2023\/05\/forest-4357698.jpg 1280w\" sizes=\"(max-width: 1024px) 100vw, 1024px\" \/><\/figure><div class=\"wp-block-media-text__content\">\n<h2 class=\"wp-block-heading\">Randonn\u00e9e d\u00e9couverte 2h30<\/h2>\n\n\n\n<p>L\u2019activit\u00e9 de trottinette \u00e9lectrique tout-terrain propos\u00e9e dure 2h30 et est con\u00e7ue pour d\u00e9couvrir et respecter la nature environnante.<\/p>\n\n\n\n<p>Les participants partiront de la station de Super Besse (41 Av. du Sancy, 63610 Besse-et-Saint-Anastaise)<\/p>\n\n\n\n<p> et commenceront leur aventure \u00e0 la d\u00e9couverte des sentiers de montagne.<\/p>\n\n\n\n<p>Cette activit\u00e9 est id\u00e9ale pour les d\u00e9butants et confirm\u00e9s qui souhaitent d\u00e9couvrir la trottinette tout-terrain, tout en profitant des vues spectaculaires sur les montagnes.<\/p>\n\n\n\n<p>Une pause d\u00e9gustation est pr\u00e9vue pendant la randonn\u00e9e, avec notamment la d\u00e9gustation de fromages locaux tels que le Saint-Nectaire. Cette exp\u00e9rience unique est une excellente occasion de d\u00e9couvrir la beaut\u00e9 de la nature .<\/p>\n\n\n\n<p class=\"has-black-color has-text-color\"><strong>Tarif: 52\u20ac\/ personne<\/strong><\/p>\n\n\n\n<p>*a partir de 140 cm et 14 ans<\/p>\n\n\n\n<p class=\"has-black-color has-text-color\"><strong>D\u00e9part randonn\u00e9e d\u00e9couverte 14h30 une arriv\u00e9e au magasin \u00e0 14h10 maximum au41 Av. du Sancy, 63610 Besse-et-Saint-Anastaise<\/strong><\/p>\n\n\n\n<p class=\"has-vivid-red-color has-text-color has-medium-font-size\">Encadr\u00e9 par des guides dipl\u00f4m\u00e9s<\/p>\n<\/div><\/div>\n\n\n\n<div class=\"wp-block-media-text alignwide has-media-on-the-right is-stacked-on-mobile\"><div class=\"wp-block-media-text__content\">\n<h2 class=\"wp-block-heading\">Randonn\u00e9e journ\u00e9e <\/h2>\n\n\n\n<p>L\u2019activit\u00e9 de trottinette \u00e9lectrique tout-terrain propos\u00e9e est une aventure pour les plus exp\u00e9riment\u00e9s ou les plus courageux, mais accessible \u00e0 tous.<\/p>\n\n\n\n<p>Au d\u00e9part\u00a0 de Super Besse (41 Av. du Sancy, 63610 Besse-et-Saint-Anastaise)<\/p>\n\n\n\n<p>Cette activit\u00e9 dure toute la journ\u00e9e, avec pour destination le magnifique Lac Chambon.<\/p>\n\n\n\n<p>Les participants pourront profiter d\u2019un repas typiquement auvergnat inclus dans le tarif, avant de poursuivre l\u2019aventure sur les sentiers de montagne.<\/p>\n\n\n\n<p>Le point de vue depuis le lac Chambon est absolument magnifique, offrant une vue imprenable sur les montagnes environnantes.<\/p>\n\n\n\n<p>Cette exp\u00e9rience unique permettra aux participants de se d\u00e9payser compl\u00e8tement et de d\u00e9couvrir l\u2019une des plus belles destinations de la r\u00e9gion.<\/p>\n\n\n\n<p>Une journ\u00e9e inoubliable en perspective !<\/p>\n\n\n\n<p class=\"has-black-color has-text-color\"><strong>Tarif: 120\u20ac<\/strong><\/p>\n\n\n\n<p class=\"has-black-color has-text-color\"><strong>tarif moins de 16 ans :90\u20ac<\/strong><\/p>\n\n\n\n<p class=\"has-small-font-size\">*a partir de 140cm et 14 ans<\/p>\n\n\n\n<p class=\"has-black-color has-text-color\"><strong>Randonn\u00e9e journ\u00e9e d\u00e9part 9h arriv\u00e9e au magasin \u00e0 8h30 maximum au 41 Av. du Sancy, 63610 Besse-et-Saint-Anastaise<\/strong><\/p>\n\n\n\n<p class=\"has-vivid-red-color has-text-color has-medium-font-size\">Encadr\u00e9 par des guides dipl\u00f4m\u00e9s<\/p>\n<\/div><figure class=\"wp-block-media-text__media\"><img loading=\"lazy\" decoding=\"async\" width=\"700\" height=\"475\" src=\"https:\/\/trottsancy.fr\/wp-content\/uploads\/2023\/05\/700_475____2__camping-chambon_65.jpg\" alt=\"\" class=\"wp-image-55 size-full\" srcset=\"https:\/\/trottsancy.fr\/wp-content\/uploads\/2023\/05\/700_475____2__camping-chambon_65.jpg 700w, https:\/\/trottsancy.fr\/wp-content\/uploads\/2023\/05\/700_475____2__camping-chambon_65-300x204.jpg 300w, https:\/\/trottsancy.fr\/wp-content\/uploads\/2023\/05\/700_475____2__camping-chambon_65-600x407.jpg 600w\" sizes=\"(max-width: 700px) 100vw, 700px\" \/><\/figure><\/div>\n","protected":false},"excerpt":{"rendered":"<p>Coucher de soleil (technique) L\u2019activit\u00e9 de trottinette \u00e9lectrique tout-terrain propos\u00e9e, dure 1h30 et d\u00e9marre 45 minutes avant le coucher du soleil \u00e0 la station de Super Besse (13 Rdpt des Pistes, 63610 Besse-et-Saint-Anastaise). Cette exp\u00e9rience s\u00e9curis\u00e9e permet aux participants de monter jusqu\u2019\u00e0 1823m d\u2019altitude pour atteindre le sommet du Puy de la Perdrix. De l\u00e0-haut, &hellip; <\/p>\n<p class=\"link-more\"><a href=\"https:\/\/trottsancy.fr\/index.php\/randonnee-tout-terrain\/\" class=\"more-link\">Lire la suite de<span class=\"screen-reader-text\">\u00ab\u00a0Randonn\u00e9e Tout Terrain\u00a0\u00bb<\/span><\/a><\/p>\n","protected":false},"author":1,"featured_media":0,"parent":0,"menu_order":0,"comment_status":"closed","ping_status":"closed","template":"","meta":{"footnotes":""},"class_list":["post-51","page","type-page","status-publish","hentry"],"yoast_head":"<!-- This site is optimized with the Yoast SEO plugin v25.4 - https:\/\/yoast.com\/wordpress\/plugins\/seo\/ -->\n<title>Randonn\u00e9e Tout Terrain - TrottSancy<\/title>\n<meta name=\"description\" content=\"Venez d\u00e9couvrir la s\u00e9lection de randonn\u00e9e en trottinette tout terrain \u00e9lectrique \u00e0 faire en famille, entre amis ou en solo .\" \/>\n<meta name=\"robots\" content=\"index, follow, max-snippet:-1, max-image-preview:large, max-video-preview:-1\" \/>\n<link rel=\"canonical\" href=\"https:\/\/trottsancy.fr\/index.php\/randonnee-tout-terrain\/\" \/>\n<meta property=\"og:locale\" content=\"fr_FR\" \/>\n<meta property=\"og:type\" content=\"article\" \/>\n<meta property=\"og:title\" content=\"Randonn\u00e9e Tout Terrain - TrottSancy\" \/>\n<meta property=\"og:description\" content=\"Venez d\u00e9couvrir la s\u00e9lection de randonn\u00e9e en trottinette tout terrain \u00e9lectrique \u00e0 faire en famille, entre amis ou en solo .\" \/>\n<meta property=\"og:url\" content=\"https:\/\/trottsancy.fr\/index.php\/randonnee-tout-terrain\/\" \/>\n<meta property=\"og:site_name\" content=\"TrottSancy\" \/>\n<meta property=\"article:modified_time\" content=\"2024-08-13T15:18:17+00:00\" \/>\n<meta property=\"og:image\" content=\"http:\/\/trottsancy.fr\/wp-content\/uploads\/2023\/05\/11229645-1024x576.png\" \/>\n<meta name=\"twitter:card\" content=\"summary_large_image\" \/>\n<meta name=\"twitter:label1\" content=\"Dur\u00e9e de lecture estim\u00e9e\" \/>\n\t<meta name=\"twitter:data1\" content=\"4 minutes\" \/>\n<script type=\"application\/ld+json\" class=\"yoast-schema-graph\">{\"@context\":\"https:\/\/schema.org\",\"@graph\":[{\"@type\":\"WebPage\",\"@id\":\"https:\/\/trottsancy.fr\/index.php\/randonnee-tout-terrain\/\",\"url\":\"https:\/\/trottsancy.fr\/index.php\/randonnee-tout-terrain\/\",\"name\":\"Randonn\u00e9e Tout Terrain - TrottSancy\",\"isPartOf\":{\"@id\":\"https:\/\/trottsancy.fr\/#website\"},\"primaryImageOfPage\":{\"@id\":\"https:\/\/trottsancy.fr\/index.php\/randonnee-tout-terrain\/#primaryimage\"},\"image\":{\"@id\":\"https:\/\/trottsancy.fr\/index.php\/randonnee-tout-terrain\/#primaryimage\"},\"thumbnailUrl\":\"http:\/\/trottsancy.fr\/wp-content\/uploads\/2023\/05\/11229645-1024x576.png\",\"datePublished\":\"2023-05-26T07:06:42+00:00\",\"dateModified\":\"2024-08-13T15:18:17+00:00\",\"description\":\"Venez d\u00e9couvrir la s\u00e9lection de randonn\u00e9e en trottinette tout terrain \u00e9lectrique \u00e0 faire en famille, entre amis ou en solo .\",\"breadcrumb\":{\"@id\":\"https:\/\/trottsancy.fr\/index.php\/randonnee-tout-terrain\/#breadcrumb\"},\"inLanguage\":\"fr-FR\",\"potentialAction\":[{\"@type\":\"ReadAction\",\"target\":[\"https:\/\/trottsancy.fr\/index.php\/randonnee-tout-terrain\/\"]}]},{\"@type\":\"ImageObject\",\"inLanguage\":\"fr-FR\",\"@id\":\"https:\/\/trottsancy.fr\/index.php\/randonnee-tout-terrain\/#primaryimage\",\"url\":\"http:\/\/trottsancy.fr\/wp-content\/uploads\/2023\/05\/11229645-1024x576.png\",\"contentUrl\":\"http:\/\/trottsancy.fr\/wp-content\/uploads\/2023\/05\/11229645-1024x576.png\"},{\"@type\":\"BreadcrumbList\",\"@id\":\"https:\/\/trottsancy.fr\/index.php\/randonnee-tout-terrain\/#breadcrumb\",\"itemListElement\":[{\"@type\":\"ListItem\",\"position\":1,\"name\":\"Accueil\",\"item\":\"https:\/\/trottsancy.fr\/\"},{\"@type\":\"ListItem\",\"position\":2,\"name\":\"Randonn\u00e9e Tout Terrain\"}]},{\"@type\":\"WebSite\",\"@id\":\"https:\/\/trottsancy.fr\/#website\",\"url\":\"https:\/\/trottsancy.fr\/\",\"name\":\"TrottSancy\",\"description\":\"Cr\u00e9ateur d&#039;\u00e9motion au grand Sancy\",\"potentialAction\":[{\"@type\":\"SearchAction\",\"target\":{\"@type\":\"EntryPoint\",\"urlTemplate\":\"https:\/\/trottsancy.fr\/?s={search_term_string}\"},\"query-input\":{\"@type\":\"PropertyValueSpecification\",\"valueRequired\":true,\"valueName\":\"search_term_string\"}}],\"inLanguage\":\"fr-FR\"}]}<\/script>\n<!-- \/ Yoast SEO plugin. -->","yoast_head_json":{"title":"Randonn\u00e9e Tout Terrain - TrottSancy","description":"Venez d\u00e9couvrir la s\u00e9lection de randonn\u00e9e en trottinette tout terrain \u00e9lectrique \u00e0 faire en famille, entre amis ou en solo .","robots":{"index":"index","follow":"follow","max-snippet":"max-snippet:-1","max-image-preview":"max-image-preview:large","max-video-preview":"max-video-preview:-1"},"canonical":"https:\/\/trottsancy.fr\/index.php\/randonnee-tout-terrain\/","og_locale":"fr_FR","og_type":"article","og_title":"Randonn\u00e9e Tout Terrain - TrottSancy","og_description":"Venez d\u00e9couvrir la s\u00e9lection de randonn\u00e9e en trottinette tout terrain \u00e9lectrique \u00e0 faire en famille, entre amis ou en solo .","og_url":"https:\/\/trottsancy.fr\/index.php\/randonnee-tout-terrain\/","og_site_name":"TrottSancy","article_modified_time":"2024-08-13T15:18:17+00:00","og_image":[{"url":"http:\/\/trottsancy.fr\/wp-content\/uploads\/2023\/05\/11229645-1024x576.png","type":"","width":"","height":""}],"twitter_card":"summary_large_image","twitter_misc":{"Dur\u00e9e de lecture estim\u00e9e":"4 minutes"},"schema":{"@context":"https:\/\/schema.org","@graph":[{"@type":"WebPage","@id":"https:\/\/trottsancy.fr\/index.php\/randonnee-tout-terrain\/","url":"https:\/\/trottsancy.fr\/index.php\/randonnee-tout-terrain\/","name":"Randonn\u00e9e Tout Terrain - TrottSancy","isPartOf":{"@id":"https:\/\/trottsancy.fr\/#website"},"primaryImageOfPage":{"@id":"https:\/\/trottsancy.fr\/index.php\/randonnee-tout-terrain\/#primaryimage"},"image":{"@id":"https:\/\/trottsancy.fr\/index.php\/randonnee-tout-terrain\/#primaryimage"},"thumbnailUrl":"http:\/\/trottsancy.fr\/wp-content\/uploads\/2023\/05\/11229645-1024x576.png","datePublished":"2023-05-26T07:06:42+00:00","dateModified":"2024-08-13T15:18:17+00:00","description":"Venez d\u00e9couvrir la s\u00e9lection de randonn\u00e9e en trottinette tout terrain \u00e9lectrique \u00e0 faire en famille, entre amis ou en solo .","breadcrumb":{"@id":"https:\/\/trottsancy.fr\/index.php\/randonnee-tout-terrain\/#breadcrumb"},"inLanguage":"fr-FR","potentialAction":[{"@type":"ReadAction","target":["https:\/\/trottsancy.fr\/index.php\/randonnee-tout-terrain\/"]}]},{"@type":"ImageObject","inLanguage":"fr-FR","@id":"https:\/\/trottsancy.fr\/index.php\/randonnee-tout-terrain\/#primaryimage","url":"http:\/\/trottsancy.fr\/wp-content\/uploads\/2023\/05\/11229645-1024x576.png","contentUrl":"http:\/\/trottsancy.fr\/wp-content\/uploads\/2023\/05\/11229645-1024x576.png"},{"@type":"BreadcrumbList","@id":"https:\/\/trottsancy.fr\/index.php\/randonnee-tout-terrain\/#breadcrumb","itemListElement":[{"@type":"ListItem","position":1,"name":"Accueil","item":"https:\/\/trottsancy.fr\/"},{"@type":"ListItem","position":2,"name":"Randonn\u00e9e Tout Terrain"}]},{"@type":"WebSite","@id":"https:\/\/trottsancy.fr\/#website","url":"https:\/\/trottsancy.fr\/","name":"TrottSancy","description":"Cr\u00e9ateur d&#039;\u00e9motion au grand Sancy","potentialAction":[{"@type":"SearchAction","target":{"@type":"EntryPoint","urlTemplate":"https:\/\/trottsancy.fr\/?s={search_term_string}"},"query-input":{"@type":"PropertyValueSpecification","valueRequired":true,"valueName":"search_term_string"}}],"inLanguage":"fr-FR"}]}},"jetpack_sharing_enabled":true,"_links":{"self":[{"href":"https:\/\/trottsancy.fr\/index.php\/wp-json\/wp\/v2\/pages\/51","targetHints":{"allow":["GET"]}}],"collection":[{"href":"https:\/\/trottsancy.fr\/index.php\/wp-json\/wp\/v2\/pages"}],"about":[{"href":"https:\/\/trottsancy.fr\/index.php\/wp-json\/wp\/v2\/types\/page"}],"author":[{"embeddable":true,"href":"https:\/\/trottsancy.fr\/index.php\/wp-json\/wp\/v2\/users\/1"}],"replies":[{"embeddable":true,"href":"https:\/\/trottsancy.fr\/index.php\/wp-json\/wp\/v2\/comments?post=51"}],"version-history":[{"count":12,"href":"https:\/\/trottsancy.fr\/index.php\/wp-json\/wp\/v2\/pages\/51\/revisions"}],"predecessor-version":[{"id":1383,"href":"https:\/\/trottsancy.fr\/index.php\/wp-json\/wp\/v2\/pages\/51\/revisions\/1383"}],"wp:attachment":[{"href":"https:\/\/trottsancy.fr\/index.php\/wp-json\/wp\/v2\/media?parent=51"}],"curies":[{"name":"wp","href":"https:\/\/api.w.org\/{rel}","templated":true}]}}